{"id":10188318,"date":"2024-05-20T18:32:44","date_gmt":"2024-05-20T18:32:44","guid":{"rendered":"https:\/\/brennaninc.mx\/?page_id=10188318"},"modified":"2024-05-24T14:45:23","modified_gmt":"2024-05-24T14:45:23","slug":"queretaro-mexico","status":"publish","type":"page","link":"https:\/\/brennaninc.mx\/en\/queretaro-mexico\/","title":{"rendered":"Quer\u00e9taro, M\u00e9xico"},"content":{"rendered":"\t\t<div data-elementor-type=\"wp-page\" data-elementor-id=\"10188318\" class=\"elementor elementor-10188318\" data-elementor-post-type=\"page\">\n\t\t\t\t\t\t<section class=\"elementor-section elementor-top-section elementor-element elementor-element-10b29753 elementor-section-boxed elementor-section-height-default elementor-section-height-default\" data-id=\"10b29753\" data-element_type=\"section\">\n\t\t\t\t\t\t<div class=\"elementor-container elementor-column-gap-default\">\n\t\t\t\t\t<div class=\"elementor-column elementor-col-100 elementor-top-column elementor-element elementor-element-10d76e78\" data-id=\"10d76e78\" data-element_type=\"column\">\n\t\t\t<div class=\"elementor-widget-wrap elementor-element-populated\">\n\t\t\t\t\t\t<section class=\"elementor-section elementor-inner-section elementor-element elementor-element-8818fb8 elementor-section-boxed elementor-section-height-default elementor-section-height-default\" data-id=\"8818fb8\" data-element_type=\"section\">\n\t\t\t\t\t\t<div class=\"elementor-container elementor-column-gap-default\">\n\t\t\t\t\t<div class=\"elementor-column elementor-col-50 elementor-inner-column elementor-element elementor-element-37b3e59\" data-id=\"37b3e59\" data-element_type=\"column\">\n\t\t\t<div class=\"elementor-widget-wrap elementor-element-populated\">\n\t\t\t\t\t\t<div class=\"elementor-element elementor-element-6806721 elementor-widget elementor-widget-text-editor\" data-id=\"6806721\" data-element_type=\"widget\" data-widget_type=\"text-editor.default\">\n\t\t\t\t<div class=\"elementor-widget-container\">\n\t\t\t\t\t\t\t\t\t<p><strong>General Contact Information<br><\/strong><\/p>\n<p style=\"padding-left: 30px;\">Carretera Estatal 500 \u2013 <br>Nave 47<br>C. Puerto de Aguirre<br>Santa Rosa J\u00e1uregui<br>Quer\u00e9taro, M<span style=\"color: var( --e-global-color-text ); font-family: var( --e-global-typography-text-font-family ), Sans-serif; font-weight: var( --e-global-typography-text-font-weight );\">\u00e9<\/span><span style=\"color: var( --e-global-color-text ); font-family: var( --e-global-typography-text-font-family ), Sans-serif; font-weight: var( --e-global-typography-text-font-weight );\">xico, C.P. 76220&nbsp;<\/span><\/p>\n<p style=\"padding-left: 30px;\">+524423885035<br>Hours: Mon-Fri 8:00-17:00<\/p>\t\t\t\t\t\t\t\t<\/div>\n\t\t\t\t<\/div>\n\t\t\t\t\t<\/div>\n\t\t<\/div>\n\t\t\t\t<div class=\"elementor-column elementor-col-50 elementor-inner-column elementor-element elementor-element-edfe686\" data-id=\"edfe686\" data-element_type=\"column\">\n\t\t\t<div class=\"elementor-widget-wrap elementor-element-populated\">\n\t\t\t\t\t\t<div class=\"elementor-element elementor-element-e16a483 elementor-widget elementor-widget-image\" data-id=\"e16a483\" data-element_type=\"widget\" data-widget_type=\"image.default\">\n\t\t\t\t<div class=\"elementor-widget-container\">\n\t\t\t\t\t\t\t\t\t\t\t\t\t\t\t<img decoding=\"async\" src=\"https:\/\/brennaninc.mx\/wp-content\/uploads\/elementor\/thumbs\/Mexico-qpl0cagv4ff0wws0y93m8w6mauh3eet6rg0yqcjxuc.jpg\" title=\"Mexico\" alt=\"Brennan Mexico Warehouse Queretaro\" loading=\"lazy\" \/>\t\t\t\t\t\t\t\t\t\t\t\t\t\t\t<\/div>\n\t\t\t\t<\/div>\n\t\t\t\t\t<\/div>\n\t\t<\/div>\n\t\t\t\t\t<\/div>\n\t\t<\/section>\n\t\t\t\t\t<\/div>\n\t\t<\/div>\n\t\t\t\t\t<\/div>\n\t\t<\/section>\n\t\t\t\t<section class=\"elementor-section elementor-top-section elementor-element elementor-element-a3e0dd5 elementor-section-boxed elementor-section-height-default elementor-section-height-default\" data-id=\"a3e0dd5\" data-element_type=\"section\">\n\t\t\t\t\t\t<div class=\"elementor-container elementor-column-gap-default\">\n\t\t\t\t\t<div class=\"elementor-column elementor-col-100 elementor-top-column elementor-element elementor-element-0fe67a2\" data-id=\"0fe67a2\" data-element_type=\"column\">\n\t\t\t<div class=\"elementor-widget-wrap elementor-element-populated\">\n\t\t\t\t\t\t<div class=\"elementor-element elementor-element-f578992 elementor-widget elementor-widget-google_maps\" data-id=\"f578992\" data-element_type=\"widget\" data-widget_type=\"google_maps.default\">\n\t\t\t\t<div class=\"elementor-widget-container\">\n\t\t\t\t\t\t\t<div class=\"elementor-custom-embed\">\n\t\t\t<iframe loading=\"lazy\"\n\t\t\t\t\tsrc=\"https:\/\/maps.google.com\/maps?q=ACUPARK%20II%20Carretera%20Estatal%20500%20comunidad%2C%20C.%20Puerto%20de%20Aguirre%2C%2076220%20Santa%20Rosa%20J%C3%A1uregui%2C%20Qro.%2C%20Mexico&#038;t=m&#038;z=10&#038;output=embed&#038;iwloc=near\"\n\t\t\t\t\ttitle=\"ACUPARK II Carretera Estatal 500 comunidad, C. Puerto de Aguirre, 76220 Santa Rosa J\u00e1uregui, Qro., Mexico\"\n\t\t\t\t\taria-label=\"ACUPARK II Carretera Estatal 500 comunidad, C. Puerto de Aguirre, 76220 Santa Rosa J\u00e1uregui, Qro., Mexico\"\n\t\t\t><\/iframe>\n\t\t<\/div>\n\t\t\t\t\t\t<\/div>\n\t\t\t\t<\/div>\n\t\t\t\t\t<\/div>\n\t\t<\/div>\n\t\t\t\t\t<\/div>\n\t\t<\/section>\n\t\t\t\t<\/div>\n\t\t","protected":false},"excerpt":{"rendered":"<p>General Contact Information Carretera Estatal 500 \u2013 Nave 47C. Puerto de AguirreSanta Rosa J\u00e1ureguiQuer\u00e9taro, M\u00e9xico, C.P. 76220&nbsp; +524423885035Hours: Mon-Fri 8:00-17:00<\/p>\n","protected":false},"author":6781,"featured_media":0,"parent":0,"menu_order":0,"comment_status":"closed","ping_status":"closed","template":"","meta":{"content-type":"","footnotes":""},"yoast_head":"<!-- This site is optimized with the Yoast SEO Premium plugin v22.4 (Yoast SEO v24.5) - https:\/\/yoast.com\/wordpress\/plugins\/seo\/ -->\n<title>Quer\u00e9taro, M\u00e9xico - Our Brennan Industries Location<\/title>\n<meta name=\"description\" content=\"Brennan has locations worldwide, including 14 strategically located distribution centers. Learn about our Quer\u00e9taro, M\u00e9xico location.\" \/>\n<meta name=\"robots\" content=\"index, follow, max-snippet:-1, max-image-preview:large, max-video-preview:-1\" \/>\n<link rel=\"canonical\" href=\"https:\/\/brennaninc.mx\/queretaro-mexico\/\" \/>\n<meta property=\"og:locale\" content=\"en_US\" \/>\n<meta property=\"og:type\" content=\"article\" \/>\n<meta property=\"og:title\" content=\"Quer\u00e9taro, M\u00e9xico\" \/>\n<meta property=\"og:description\" content=\"Brennan has locations worldwide, including 14 strategically located distribution centers. Learn about our Quer\u00e9taro, M\u00e9xico location.\" \/>\n<meta property=\"og:url\" content=\"https:\/\/brennaninc.mx\/queretaro-mexico\/\" \/>\n<meta property=\"og:site_name\" content=\"Brennan Industries\" \/>\n<meta property=\"article:publisher\" content=\"https:\/\/www.facebook.com\/BrennanIndustries\" \/>\n<meta property=\"article:modified_time\" content=\"2024-05-24T14:45:23+00:00\" \/>\n<meta property=\"og:image\" content=\"https:\/\/brennaninc.mx\/wp-content\/uploads\/elementor\/thumbs\/Mexico-qomwww58s078d3ftbi90yxh6uej8pgwjw4qvb7ndas.jpg\" \/>\n<meta name=\"twitter:card\" content=\"summary_large_image\" \/>\n<meta name=\"twitter:site\" content=\"@BrennanInd\" \/>\n<meta name=\"twitter:label1\" content=\"Est. reading time\" \/>\n\t<meta name=\"twitter:data1\" content=\"1 minute\" \/>\n<script type=\"application\/ld+json\" class=\"yoast-schema-graph\">{\"@context\":\"https:\/\/schema.org\",\"@graph\":[{\"@type\":\"WebPage\",\"@id\":\"https:\/\/brennaninc.mx\/queretaro-mexico\/\",\"url\":\"https:\/\/brennaninc.mx\/queretaro-mexico\/\",\"name\":\"Quer\u00e9taro, M\u00e9xico - Our Brennan Industries Location\",\"isPartOf\":{\"@id\":\"https:\/\/brennaninc.mx\/#website\"},\"primaryImageOfPage\":{\"@id\":\"https:\/\/brennaninc.mx\/queretaro-mexico\/#primaryimage\"},\"image\":{\"@id\":\"https:\/\/brennaninc.mx\/queretaro-mexico\/#primaryimage\"},\"thumbnailUrl\":\"https:\/\/brennaninc.mx\/wp-content\/uploads\/elementor\/thumbs\/Mexico-qomwww58s078d3ftbi90yxh6uej8pgwjw4qvb7ndas.jpg\",\"datePublished\":\"2024-05-20T18:32:44+00:00\",\"dateModified\":\"2024-05-24T14:45:23+00:00\",\"description\":\"Brennan has locations worldwide, including 14 strategically located distribution centers. Learn about our Quer\u00e9taro, M\u00e9xico location.\",\"breadcrumb\":{\"@id\":\"https:\/\/brennaninc.mx\/queretaro-mexico\/#breadcrumb\"},\"inLanguage\":\"en-US\",\"potentialAction\":[{\"@type\":\"ReadAction\",\"target\":[\"https:\/\/brennaninc.mx\/queretaro-mexico\/\"]}]},{\"@type\":\"ImageObject\",\"inLanguage\":\"en-US\",\"@id\":\"https:\/\/brennaninc.mx\/queretaro-mexico\/#primaryimage\",\"url\":\"https:\/\/brennaninc.mx\/wp-content\/uploads\/elementor\/thumbs\/Mexico-qomwww58s078d3ftbi90yxh6uej8pgwjw4qvb7ndas.jpg\",\"contentUrl\":\"https:\/\/brennaninc.mx\/wp-content\/uploads\/elementor\/thumbs\/Mexico-qomwww58s078d3ftbi90yxh6uej8pgwjw4qvb7ndas.jpg\"},{\"@type\":\"BreadcrumbList\",\"@id\":\"https:\/\/brennaninc.mx\/queretaro-mexico\/#breadcrumb\",\"itemListElement\":[{\"@type\":\"ListItem\",\"position\":1,\"name\":\"Home\",\"item\":\"https:\/\/brennaninc.mx\/\"},{\"@type\":\"ListItem\",\"position\":2,\"name\":\"Quer\u00e9taro, M\u00e9xico\"}]},{\"@type\":\"WebSite\",\"@id\":\"https:\/\/brennaninc.mx\/#website\",\"url\":\"https:\/\/brennaninc.mx\/\",\"name\":\"Brennan Industries\",\"description\":\"Extraordinary Hydraulic Fittings and Adapters\",\"publisher\":{\"@id\":\"https:\/\/brennaninc.mx\/#organization\"},\"potentialAction\":[{\"@type\":\"SearchAction\",\"target\":{\"@type\":\"EntryPoint\",\"urlTemplate\":\"https:\/\/brennaninc.mx\/?s={search_term_string}\"},\"query-input\":{\"@type\":\"PropertyValueSpecification\",\"valueRequired\":true,\"valueName\":\"search_term_string\"}}],\"inLanguage\":\"en-US\"},{\"@type\":\"Organization\",\"@id\":\"https:\/\/brennaninc.mx\/#organization\",\"name\":\"Brennan Industries\",\"url\":\"https:\/\/brennaninc.mx\/\",\"logo\":{\"@type\":\"ImageObject\",\"inLanguage\":\"en-US\",\"@id\":\"https:\/\/brennaninc.mx\/#\/schema\/logo\/image\/\",\"url\":\"https:\/\/brennaninc.mx\/wp-content\/uploads\/2017\/02\/cropped-BI-Circle-Brennan-1.jpg\",\"contentUrl\":\"https:\/\/brennaninc.mx\/wp-content\/uploads\/2017\/02\/cropped-BI-Circle-Brennan-1.jpg\",\"width\":455,\"height\":110,\"caption\":\"Brennan Industries\"},\"image\":{\"@id\":\"https:\/\/brennaninc.mx\/#\/schema\/logo\/image\/\"},\"sameAs\":[\"https:\/\/www.facebook.com\/BrennanIndustries\",\"https:\/\/x.com\/BrennanInd\",\"https:\/\/www.linkedin.com\/company\/brennanindustries\",\"https:\/\/www.youtube.com\/channel\/UCk2SqQTUDM49pNNQv-bDWNw\"]}]}<\/script>\n<!-- \/ Yoast SEO Premium plugin. -->","yoast_head_json":{"title":"Quer\u00e9taro, M\u00e9xico - Our Brennan Industries Location","description":"Brennan has locations worldwide, including 14 strategically located distribution centers. Learn about our Quer\u00e9taro, M\u00e9xico location.","robots":{"index":"index","follow":"follow","max-snippet":"max-snippet:-1","max-image-preview":"max-image-preview:large","max-video-preview":"max-video-preview:-1"},"canonical":"https:\/\/brennaninc.mx\/queretaro-mexico\/","og_locale":"en_US","og_type":"article","og_title":"Quer\u00e9taro, M\u00e9xico","og_description":"Brennan has locations worldwide, including 14 strategically located distribution centers. Learn about our Quer\u00e9taro, M\u00e9xico location.","og_url":"https:\/\/brennaninc.mx\/queretaro-mexico\/","og_site_name":"Brennan Industries","article_publisher":"https:\/\/www.facebook.com\/BrennanIndustries","article_modified_time":"2024-05-24T14:45:23+00:00","og_image":[{"url":"https:\/\/brennaninc.mx\/wp-content\/uploads\/elementor\/thumbs\/Mexico-qomwww58s078d3ftbi90yxh6uej8pgwjw4qvb7ndas.jpg","type":"","width":"","height":""}],"twitter_card":"summary_large_image","twitter_site":"@BrennanInd","twitter_misc":{"Est. reading time":"1 minute"},"schema":{"@context":"https:\/\/schema.org","@graph":[{"@type":"WebPage","@id":"https:\/\/brennaninc.mx\/queretaro-mexico\/","url":"https:\/\/brennaninc.mx\/queretaro-mexico\/","name":"Quer\u00e9taro, M\u00e9xico - Our Brennan Industries Location","isPartOf":{"@id":"https:\/\/brennaninc.mx\/#website"},"primaryImageOfPage":{"@id":"https:\/\/brennaninc.mx\/queretaro-mexico\/#primaryimage"},"image":{"@id":"https:\/\/brennaninc.mx\/queretaro-mexico\/#primaryimage"},"thumbnailUrl":"https:\/\/brennaninc.mx\/wp-content\/uploads\/elementor\/thumbs\/Mexico-qomwww58s078d3ftbi90yxh6uej8pgwjw4qvb7ndas.jpg","datePublished":"2024-05-20T18:32:44+00:00","dateModified":"2024-05-24T14:45:23+00:00","description":"Brennan has locations worldwide, including 14 strategically located distribution centers. Learn about our Quer\u00e9taro, M\u00e9xico location.","breadcrumb":{"@id":"https:\/\/brennaninc.mx\/queretaro-mexico\/#breadcrumb"},"inLanguage":"en-US","potentialAction":[{"@type":"ReadAction","target":["https:\/\/brennaninc.mx\/queretaro-mexico\/"]}]},{"@type":"ImageObject","inLanguage":"en-US","@id":"https:\/\/brennaninc.mx\/queretaro-mexico\/#primaryimage","url":"https:\/\/brennaninc.mx\/wp-content\/uploads\/elementor\/thumbs\/Mexico-qomwww58s078d3ftbi90yxh6uej8pgwjw4qvb7ndas.jpg","contentUrl":"https:\/\/brennaninc.mx\/wp-content\/uploads\/elementor\/thumbs\/Mexico-qomwww58s078d3ftbi90yxh6uej8pgwjw4qvb7ndas.jpg"},{"@type":"BreadcrumbList","@id":"https:\/\/brennaninc.mx\/queretaro-mexico\/#breadcrumb","itemListElement":[{"@type":"ListItem","position":1,"name":"Home","item":"https:\/\/brennaninc.mx\/"},{"@type":"ListItem","position":2,"name":"Quer\u00e9taro, M\u00e9xico"}]},{"@type":"WebSite","@id":"https:\/\/brennaninc.mx\/#website","url":"https:\/\/brennaninc.mx\/","name":"Brennan Industries","description":"Extraordinary Hydraulic Fittings and Adapters","publisher":{"@id":"https:\/\/brennaninc.mx\/#organization"},"potentialAction":[{"@type":"SearchAction","target":{"@type":"EntryPoint","urlTemplate":"https:\/\/brennaninc.mx\/?s={search_term_string}"},"query-input":{"@type":"PropertyValueSpecification","valueRequired":true,"valueName":"search_term_string"}}],"inLanguage":"en-US"},{"@type":"Organization","@id":"https:\/\/brennaninc.mx\/#organization","name":"Brennan Industries","url":"https:\/\/brennaninc.mx\/","logo":{"@type":"ImageObject","inLanguage":"en-US","@id":"https:\/\/brennaninc.mx\/#\/schema\/logo\/image\/","url":"https:\/\/brennaninc.mx\/wp-content\/uploads\/2017\/02\/cropped-BI-Circle-Brennan-1.jpg","contentUrl":"https:\/\/brennaninc.mx\/wp-content\/uploads\/2017\/02\/cropped-BI-Circle-Brennan-1.jpg","width":455,"height":110,"caption":"Brennan Industries"},"image":{"@id":"https:\/\/brennaninc.mx\/#\/schema\/logo\/image\/"},"sameAs":["https:\/\/www.facebook.com\/BrennanIndustries","https:\/\/x.com\/BrennanInd","https:\/\/www.linkedin.com\/company\/brennanindustries","https:\/\/www.youtube.com\/channel\/UCk2SqQTUDM49pNNQv-bDWNw"]}]}},"_links":{"self":[{"href":"https:\/\/brennaninc.mx\/en\/wp-json\/wp\/v2\/pages\/10188318"}],"collection":[{"href":"https:\/\/brennaninc.mx\/en\/wp-json\/wp\/v2\/pages"}],"about":[{"href":"https:\/\/brennaninc.mx\/en\/wp-json\/wp\/v2\/types\/page"}],"author":[{"embeddable":true,"href":"https:\/\/brennaninc.mx\/en\/wp-json\/wp\/v2\/users\/6781"}],"replies":[{"embeddable":true,"href":"https:\/\/brennaninc.mx\/en\/wp-json\/wp\/v2\/comments?post=10188318"}],"version-history":[{"count":17,"href":"https:\/\/brennaninc.mx\/en\/wp-json\/wp\/v2\/pages\/10188318\/revisions"}],"predecessor-version":[{"id":10188513,"href":"https:\/\/brennaninc.mx\/en\/wp-json\/wp\/v2\/pages\/10188318\/revisions\/10188513"}],"wp:attachment":[{"href":"https:\/\/brennaninc.mx\/en\/wp-json\/wp\/v2\/media?parent=10188318"}],"curies":[{"name":"wp","href":"https:\/\/api.w.org\/{rel}","templated":true}]}}